
{"id":2136,"date":"2025-03-11T14:18:50","date_gmt":"2025-03-11T14:18:50","guid":{"rendered":"https:\/\/astudiaethaubusnes.cymru\/?page_id=2136"},"modified":"2025-05-01T09:45:22","modified_gmt":"2025-05-01T09:45:22","slug":"hafan-2","status":"publish","type":"page","link":"https:\/\/astudiaethaubusnes.cymru\/en\/","title":{"rendered":"Home"},"content":{"rendered":"<p>[et_pb_section fb_built=&#8221;1&#8243; custom_padding_last_edited=&#8221;on|phone&#8221; _builder_version=&#8221;4.27.4&#8243; _module_preset=&#8221;default&#8221; custom_padding=&#8221;|75px|0px|75px|false|true&#8221; custom_padding_tablet=&#8221;|75px|0px|75px|false|true&#8221; custom_padding_phone=&#8221;|36px||36px|false|true&#8221; global_colors_info=&#8221;{}&#8221;][et_pb_row column_structure=&#8221;2_5,3_5&#8243; make_equal=&#8221;on&#8221; _builder_version=&#8221;4.27.4&#8243; _module_preset=&#8221;default&#8221; width=&#8221;100%&#8221; max_width=&#8221;1522px&#8221; custom_padding=&#8221;||||false|false&#8221; global_colors_info=&#8221;{}&#8221;][et_pb_column type=&#8221;2_5&#8243; _builder_version=&#8221;4.27.4&#8243; _module_preset=&#8221;default&#8221; z_index=&#8221;500&#8243; global_colors_info=&#8221;{}&#8221;][et_pb_text module_class=&#8221;homepage-badge&#8221; _builder_version=&#8221;4.27.4&#8243; _module_preset=&#8221;default&#8221; text_font=&#8221;Poppins Black||||||||&#8221; text_text_color=&#8221;#312F48&#8243; text_font_size=&#8221;54px&#8221; text_line_height=&#8221;1.6em&#8221; width=&#8221;650px&#8221; width_tablet=&#8221;650px&#8221; width_phone=&#8221;100%&#8221; width_last_edited=&#8221;on|phone&#8221; custom_margin=&#8221;35px||||false|false&#8221; custom_margin_tablet=&#8221;-12px||||false|false&#8221; custom_margin_phone=&#8221;-36px||||false|false&#8221; custom_margin_last_edited=&#8221;on|phone&#8221; text_font_size_tablet=&#8221;54px&#8221; text_font_size_phone=&#8221;34px&#8221; text_font_size_last_edited=&#8221;on|phone&#8221; text_line_height_tablet=&#8221;1.6em&#8221; text_line_height_phone=&#8221;1.2em&#8221; text_line_height_last_edited=&#8221;on|phone&#8221; global_colors_info=&#8221;{}&#8221;]<\/p>\n<p>Welcome to the<br \/><span class=\"home-header-line1\">Astudiaethau<\/span><br \/><span style=\"display: inline-block; margin-top: 20px !important;\">Busnes Ar-lein <\/span><\/p>\n<p>[\/et_pb_text][et_pb_text _builder_version=&#8221;4.27.4&#8243; _module_preset=&#8221;default&#8221; text_font=&#8221;&#8211;et_global_heading_font||||||||&#8221; text_font_size=&#8221;18px&#8221; text_line_height=&#8221;1.4em&#8221; width=&#8221;78%&#8221; custom_padding=&#8221;||||false|false&#8221; global_colors_info=&#8221;{}&#8221;]<\/p>\n<p>Here you will find bilingual business modules that will help you broaden your knowledge and gain a better understanding of a range of business topics for Level 2 and 3 Business Studies courses.<\/p>\n<p>[\/et_pb_text][dsm_button button_one_text=&#8221;Unedau&#8221; button_one_url=&#8221;@ET-DC@eyJkeW5hbWljIjp0cnVlLCJjb250ZW50IjoicG9zdF9saW5rX3VybF9wYWdlIiwic2V0dGluZ3MiOnsicG9zdF9pZCI6IjE5MjkifX0=@&#8221; _builder_version=&#8221;4.27.4&#8243; _dynamic_attributes=&#8221;button_one_url&#8221; _module_preset=&#8221;default&#8221; custom_button_one=&#8221;on&#8221; button_one_text_size=&#8221;19px&#8221; button_one_text_color=&#8221;#FFFFFF&#8221; button_one_bg_color=&#8221;#DA5097&#8243; button_one_border_color=&#8221;#DA5097&#8243; button_one_border_radius=&#8221;100px&#8221; button_one_font=&#8221;Poppins Medium||||||||&#8221; button_one_use_icon=&#8221;off&#8221; button_one_custom_padding=&#8221;14px|44px|14px|44px|true|true&#8221; custom_margin=&#8221;||148px||false|false&#8221; global_colors_info=&#8221;{}&#8221;][\/dsm_button][\/et_pb_column][et_pb_column type=&#8221;3_5&#8243; _builder_version=&#8221;4.27.4&#8243; _module_preset=&#8221;default&#8221; custom_css_main_element=&#8221;align-self: flex-end;&#8221; global_colors_info=&#8221;{}&#8221;][et_pb_image src=&#8221;https:\/\/astudiaethaubusnes.cymru\/wp-content\/uploads\/2025\/03\/Homepage-main-graphic.jpg&#8221; title_text=&#8221;Homepage-main-graphic&#8221; show_bottom_space=&#8221;off&#8221; align=&#8221;center&#8221; _builder_version=&#8221;4.27.4&#8243; _module_preset=&#8221;default&#8221; transform_scale=&#8221;128%|128%&#8221; transform_scale_tablet=&#8221;128%|128%&#8221; transform_scale_phone=&#8221;161%|161%&#8221; transform_scale_last_edited=&#8221;on|phone&#8221; transform_translate_tablet=&#8221;&#8221; transform_translate_phone=&#8221;&#8221; transform_translate_last_edited=&#8221;on|phone&#8221; transform_rotate_tablet=&#8221;&#8221; transform_rotate_phone=&#8221;&#8221; transform_rotate_last_edited=&#8221;on|phone&#8221; transform_skew_tablet=&#8221;&#8221; transform_skew_phone=&#8221;&#8221; transform_skew_last_edited=&#8221;on|phone&#8221; transform_origin_tablet=&#8221;&#8221; transform_origin_phone=&#8221;&#8221; transform_origin_last_edited=&#8221;on|phone&#8221; transform_styles_last_edited=&#8221;on|phone&#8221; custom_padding=&#8221;||0px||false|false&#8221; custom_padding_tablet=&#8221;||0px||false|false&#8221; custom_padding_phone=&#8221;||43px||false|false&#8221; custom_padding_last_edited=&#8221;on|phone&#8221; transform_styles_tablet=&#8221;&#8221; transform_styles_phone=&#8221;&#8221; global_colors_info=&#8221;{}&#8221;][\/et_pb_image][\/et_pb_column][\/et_pb_row][\/et_pb_section][et_pb_section fb_built=&#8221;1&#8243; custom_padding_last_edited=&#8221;on|phone&#8221; module_id=&#8221;amdano&#8221; _builder_version=&#8221;4.27.4&#8243; _module_preset=&#8221;default&#8221; background_color=&#8221;#FFD500&#8243; z_index=&#8221;500&#8243; custom_padding=&#8221;223px||223px||true|false&#8221; custom_padding_tablet=&#8221;131px||131px||true|false&#8221; custom_padding_phone=&#8221;113px||59px||false|false&#8221; global_colors_info=&#8221;{}&#8221;][et_pb_row column_structure=&#8221;1_2,1_2&#8243; _builder_version=&#8221;4.27.4&#8243; _module_preset=&#8221;default&#8221; max_width=&#8221;1308px&#8221; global_colors_info=&#8221;{}&#8221;][et_pb_column type=&#8221;1_2&#8243; _builder_version=&#8221;4.27.4&#8243; _module_preset=&#8221;default&#8221; global_colors_info=&#8221;{}&#8221;][et_pb_image src=&#8221;https:\/\/astudiaethaubusnes.cymru\/wp-content\/uploads\/2025\/03\/megaphone-1.png&#8221; title_text=&#8221;megaphone&#8221; align=&#8221;center&#8221; _builder_version=&#8221;4.27.4&#8243; _module_preset=&#8221;default&#8221; width=&#8221;51%&#8221; width_tablet=&#8221;31%&#8221; width_phone=&#8221;48%&#8221; width_last_edited=&#8221;on|phone&#8221; module_alignment=&#8221;center&#8221; custom_margin=&#8221;-69px||||false|false&#8221; module_alignment_tablet=&#8221;left&#8221; module_alignment_phone=&#8221;left&#8221; module_alignment_last_edited=&#8221;on|phone&#8221; global_colors_info=&#8221;{}&#8221;][\/et_pb_image][\/et_pb_column][et_pb_column type=&#8221;1_2&#8243; _builder_version=&#8221;4.27.4&#8243; _module_preset=&#8221;default&#8221; global_colors_info=&#8221;{}&#8221;][et_pb_text _builder_version=&#8221;4.27.4&#8243; _module_preset=&#8221;default&#8221; text_font=&#8221;Poppins Black||||||||&#8221; text_text_color=&#8221;#312F48&#8243; text_font_size=&#8221;47px&#8221; text_line_height_tablet=&#8221;&#8221; text_line_height_phone=&#8221;1.1em&#8221; text_line_height_last_edited=&#8221;on|phone&#8221; global_colors_info=&#8221;{}&#8221;]<\/p>\n<p>About the Collection<\/p>\n<p>[\/et_pb_text][et_pb_text _builder_version=&#8221;4.27.4&#8243; _module_preset=&#8221;default&#8221; text_text_color=&#8221;#312F48&#8243; text_font_size=&#8221;15px&#8221; text_line_height=&#8221;1.6em&#8221; width=&#8221;63%&#8221; width_tablet=&#8221;68%&#8221; width_phone=&#8221;93%&#8221; width_last_edited=&#8221;on|phone&#8221; global_colors_info=&#8221;{}&#8221;]<\/p>\n<p>In this collection you will find information about business theories, concepts, and principles. Throughout the resource you will come across examples and more information about bilingual businesses or businesses based here in Wales. You will have the opportunity to reflect on what you have learned and put it into practice with short exercises and case studies.<\/p>\n<p>[\/et_pb_text][\/et_pb_column][\/et_pb_row][\/et_pb_section][et_pb_section fb_built=&#8221;1&#8243; custom_padding_last_edited=&#8221;on|tablet&#8221; _builder_version=&#8221;4.27.4&#8243; _module_preset=&#8221;default&#8221; background_color=&#8221;#FFFFFF&#8221; custom_padding=&#8221;68px||0px||false|false&#8221; custom_padding_tablet=&#8221;0px||0px||true|false&#8221; custom_padding_phone=&#8221;0px||0px||true|false&#8221; global_colors_info=&#8221;{}&#8221;][et_pb_row column_structure=&#8221;2_5,3_5&#8243; make_equal=&#8221;on&#8221; _builder_version=&#8221;4.27.4&#8243; _module_preset=&#8221;default&#8221; max_width=&#8221;1308px&#8221; custom_padding=&#8221;||0px||false|false&#8221; global_colors_info=&#8221;{}&#8221;][et_pb_column type=&#8221;2_5&#8243; _builder_version=&#8221;4.27.4&#8243; _module_preset=&#8221;default&#8221; global_colors_info=&#8221;{}&#8221;][et_pb_text _builder_version=&#8221;4.27.4&#8243; _module_preset=&#8221;default&#8221; text_font=&#8221;Poppins Black||||||||&#8221; text_text_color=&#8221;#312F48&#8243; text_font_size=&#8221;47px&#8221; custom_margin=&#8221;128px||||false|false&#8221; custom_margin_tablet=&#8221;128px||||false|false&#8221; custom_margin_phone=&#8221;14px||||false|false&#8221; custom_margin_last_edited=&#8221;on|phone&#8221; global_colors_info=&#8221;{}&#8221;]<\/p>\n<p>Units<\/p>\n<p>[\/et_pb_text][et_pb_text _builder_version=&#8221;4.27.4&#8243; _module_preset=&#8221;default&#8221; text_text_color=&#8221;#312F48&#8243; text_font_size=&#8221;15px&#8221; text_line_height=&#8221;1.6em&#8221; width=&#8221;70%&#8221; width_tablet=&#8221;70%&#8221; width_phone=&#8221;100%&#8221; width_last_edited=&#8221;on|phone&#8221; global_colors_info=&#8221;{}&#8221;]<\/p>\n<p>Each of the six units cover a  different aspect of business activity and you can navigate through them page by page or jump directly to the content that interests you. Click 'see all' to start your journey.<\/p>\n<p>[\/et_pb_text][et_pb_button button_url=&#8221;@ET-DC@eyJkeW5hbWljIjp0cnVlLCJjb250ZW50IjoicG9zdF9saW5rX3VybF9wYWdlIiwic2V0dGluZ3MiOnsicG9zdF9pZCI6IjE5MjkifX0=@&#8221; button_text=&#8221;Gweld y cyfan&#8221; _builder_version=&#8221;4.27.4&#8243; _dynamic_attributes=&#8221;button_url&#8221; _module_preset=&#8221;default&#8221; custom_button=&#8221;on&#8221; button_text_color=&#8221;#FFFFFF&#8221; button_bg_color=&#8221;#34B6B3&#8243; button_border_radius=&#8221;100px&#8221; button_font=&#8221;Poppins Medium||||||||&#8221; button_use_icon=&#8221;off&#8221; custom_margin=&#8221;44px||168px||false|false&#8221; custom_padding=&#8221;15px|42px|15px|42px|true|true&#8221; global_colors_info=&#8221;{}&#8221;][\/et_pb_button][\/et_pb_column][et_pb_column type=&#8221;3_5&#8243; _builder_version=&#8221;4.27.4&#8243; _module_preset=&#8221;default&#8221; custom_css_main_element=&#8221;align-self: flex-end;&#8221; global_colors_info=&#8221;{}&#8221;][et_pb_image src=&#8221;https:\/\/astudiaethaubusnes.cymru\/wp-content\/uploads\/2025\/03\/b.jpg&#8221; title_text=&#8221;b&#8221; show_bottom_space=&#8221;off&#8221; align=&#8221;center&#8221; _builder_version=&#8221;4.27.4&#8243; _module_preset=&#8221;default&#8221; transform_scale=&#8221;112%|112%&#8221; width=&#8221;100%&#8221; module_alignment=&#8221;center&#8221; custom_margin_tablet=&#8221;&#8221; custom_margin_phone=&#8221;-136px||||false|false&#8221; custom_margin_last_edited=&#8221;on|phone&#8221; custom_padding=&#8221;||0px||false|false&#8221; global_colors_info=&#8221;{}&#8221;][\/et_pb_image][\/et_pb_column][\/et_pb_row][\/et_pb_section]<\/p>","protected":false},"excerpt":{"rendered":"<p>Croeso i\u2019r casgliadAstudiaethauBusnes Ar-lein Yma cewch hyd i fodiwlau busnes dwyieithog a fydd yn eich helpu i ddarganfod gwybodaeth a meithrin dealltwriaeth o amrywiaeth o feysydd busnes ar gyfer cyrsiau Astudiaethau Busnes Lefel 2 a 3.<div class=\"et_pb_module dsm_button dsm_button_0 et_pb_bg_layout_light\">\n\t\t\t\t\n\t\t\t\t\n\t\t\t\t\n\t\t\t\t\n\t\t\t\t\n\t\t\t\t\n\t\t\t\t<div class=\"et_pb_module_inner\">\n\t\t\t\t\t<div class=\"et_pb_button_module_wrappers dsm_button_0_wrapper  et_pb_module\">\n\t\t\t\t<a class=\"et_pb_button et_pb_button_one et_pb_bg_layout_light dsm-none\"  data-dsm-lightbox-id=\"dsm_button_one_lightbox dsm_button_0\"><span>Units<\/span><\/a>\n\t\t\t<\/div>\n\t\t\t\t<\/div>\n\t\t\t<\/div>Am y CasgliadYn y casgliad hwn byddwch yn dod o hyd i wybodaeth gyfredol yngl\u0177n \u00e2 theor\u00efau, cysyniadau ac egwyddorion busnes. Drwy gydol yr adnodd byddwch yn dod ar draws enghreifftiau a mwy o wybodaeth am\u00a0 fusnesau dwyieithog neu fusnesau sydd wedi sefydlu yng Nghymru. Byddwch yn cael cyfle i fyfyrio ar yr hyn rydych wedi dysgu a\u2019i rhoi ar waith gydag ymarferion byr ac astudiaethau achos.UnedauMae pob un o\u2019r chwe uned yn ymwneud ag agwedd wahanol ar fusnes a gallwch lywio drwyddynt fesul tudalen neu fynd yn syth i\u2019r cynnwys sydd o ddiddordeb i chi. Cliciwch \u2018gweld y cyfan\u2019 i ddechrau eich taith.<\/p>","protected":false},"author":1,"featured_media":0,"parent":0,"menu_order":0,"comment_status":"closed","ping_status":"closed","template":"","meta":{"_et_pb_use_builder":"on","_et_pb_old_content":"","_et_gb_content_width":"","inline_featured_image":false,"footnotes":""},"class_list":["post-2136","page","type-page","status-publish","hentry"],"_links":{"self":[{"href":"https:\/\/astudiaethaubusnes.cymru\/en\/wp-json\/wp\/v2\/pages\/2136","targetHints":{"allow":["GET"]}}],"collection":[{"href":"https:\/\/astudiaethaubusnes.cymru\/en\/wp-json\/wp\/v2\/pages"}],"about":[{"href":"https:\/\/astudiaethaubusnes.cymru\/en\/wp-json\/wp\/v2\/types\/page"}],"author":[{"embeddable":true,"href":"https:\/\/astudiaethaubusnes.cymru\/en\/wp-json\/wp\/v2\/users\/1"}],"replies":[{"embeddable":true,"href":"https:\/\/astudiaethaubusnes.cymru\/en\/wp-json\/wp\/v2\/comments?post=2136"}],"version-history":[{"count":107,"href":"https:\/\/astudiaethaubusnes.cymru\/en\/wp-json\/wp\/v2\/pages\/2136\/revisions"}],"predecessor-version":[{"id":3425,"href":"https:\/\/astudiaethaubusnes.cymru\/en\/wp-json\/wp\/v2\/pages\/2136\/revisions\/3425"}],"wp:attachment":[{"href":"https:\/\/astudiaethaubusnes.cymru\/en\/wp-json\/wp\/v2\/media?parent=2136"}],"curies":[{"name":"wp","href":"https:\/\/api.w.org\/{rel}","templated":true}]}}